{"id":191,"date":"2024-04-17T19:42:07","date_gmt":"2024-04-17T19:42:07","guid":{"rendered":"https:\/\/jgr.pe\/?page_id=191"},"modified":"2024-04-24T04:52:51","modified_gmt":"2024-04-24T04:52:51","slug":"servicios-generales","status":"publish","type":"page","link":"https:\/\/jgr.pe\/index.php\/servicios-generales\/","title":{"rendered":"Servicios generales"},"content":{"rendered":"\t\t<div data-elementor-type=\"wp-page\" data-elementor-id=\"191\" class=\"elementor elementor-191\" data-elementor-post-type=\"page\">\n\t\t\t\t<div class=\"elementor-element elementor-element-3272646 e-con-full e-flex e-con e-parent\" data-id=\"3272646\" data-element_type=\"container\">\n\t\t\t\t<div class=\"elementor-element elementor-element-6e476ca elementor-widget elementor-widget-spacer\" data-id=\"6e476ca\" data-element_type=\"widget\" data-widget_type=\"spacer.default\">\n\t\t\t\t<div class=\"elementor-widget-container\">\n\t\t\t<style>\/*! elementor - v3.21.0 - 15-04-2024 *\/\n.elementor-column .elementor-spacer-inner{height:var(--spacer-size)}.e-con{--container-widget-width:100%}.e-con-inner>.elementor-widget-spacer,.e-con>.elementor-widget-spacer{width:var(--container-widget-width,var(--spacer-size));--align-self:var(--container-widget-align-self,initial);--flex-shrink:0}.e-con-inner>.elementor-widget-spacer>.elementor-widget-container,.e-con>.elementor-widget-spacer>.elementor-widget-container{height:100%;width:100%}.e-con-inner>.elementor-widget-spacer>.elementor-widget-container>.elementor-spacer,.e-con>.elementor-widget-spacer>.elementor-widget-container>.elementor-spacer{height:100%}.e-con-inner>.elementor-widget-spacer>.elementor-widget-container>.elementor-spacer>.elementor-spacer-inner,.e-con>.elementor-widget-spacer>.elementor-widget-container>.elementor-spacer>.elementor-spacer-inner{height:var(--container-widget-height,var(--spacer-size))}.e-con-inner>.elementor-widget-spacer.elementor-widget-empty,.e-con>.elementor-widget-spacer.elementor-widget-empty{position:relative;min-height:22px;min-width:22px}.e-con-inner>.elementor-widget-spacer.elementor-widget-empty .elementor-widget-empty-icon,.e-con>.elementor-widget-spacer.elementor-widget-empty .elementor-widget-empty-icon{position:absolute;top:0;bottom:0;left:0;right:0;margin:auto;padding:0;width:22px;height:22px}<\/style>\t\t<div class=\"elementor-spacer\">\n\t\t\t<div class=\"elementor-spacer-inner\"><\/div>\n\t\t<\/div>\n\t\t\t\t<\/div>\n\t\t\t\t<\/div>\n\t\t\t\t<div class=\"elementor-element elementor-element-cee2ff8 elementor-widget elementor-widget-image\" data-id=\"cee2ff8\" data-element_type=\"widget\" data-widget_type=\"image.default\">\n\t\t\t\t<div class=\"elementor-widget-container\">\n\t\t\t<style>\/*! elementor - v3.21.0 - 15-04-2024 *\/\n.elementor-widget-image{text-align:center}.elementor-widget-image a{display:inline-block}.elementor-widget-image a img[src$=\".svg\"]{width:48px}.elementor-widget-image img{vertical-align:middle;display:inline-block}<\/style>\t\t\t\t\t\t\t\t\t\t<img fetchpriority=\"high\" decoding=\"async\" width=\"1921\" height=\"436\" src=\"https:\/\/jgr.pe\/wp-content\/uploads\/2024\/04\/SERVICIOS-GENERALES-BANNER.png\" class=\"attachment-2048x2048 size-2048x2048 wp-image-193\" alt=\"\" srcset=\"https:\/\/jgr.pe\/wp-content\/uploads\/2024\/04\/SERVICIOS-GENERALES-BANNER.png 1921w, https:\/\/jgr.pe\/wp-content\/uploads\/2024\/04\/SERVICIOS-GENERALES-BANNER-300x68.png 300w, https:\/\/jgr.pe\/wp-content\/uploads\/2024\/04\/SERVICIOS-GENERALES-BANNER-1024x232.png 1024w, https:\/\/jgr.pe\/wp-content\/uploads\/2024\/04\/SERVICIOS-GENERALES-BANNER-768x174.png 768w, https:\/\/jgr.pe\/wp-content\/uploads\/2024\/04\/SERVICIOS-GENERALES-BANNER-1536x349.png 1536w\" sizes=\"(max-width: 1921px) 100vw, 1921px\" \/>\t\t\t\t\t\t\t\t\t\t\t\t\t<\/div>\n\t\t\t\t<\/div>\n\t\t\t\t<div class=\"elementor-element elementor-element-ce0cda6 elementor-widget elementor-widget-spacer\" data-id=\"ce0cda6\" data-element_type=\"widget\" data-widget_type=\"spacer.default\">\n\t\t\t\t<div class=\"elementor-widget-container\">\n\t\t\t\t\t<div class=\"elementor-spacer\">\n\t\t\t<div class=\"elementor-spacer-inner\"><\/div>\n\t\t<\/div>\n\t\t\t\t<\/div>\n\t\t\t\t<\/div>\n\t\t\t\t<\/div>\n\t\t<div class=\"elementor-element elementor-element-ce5545d e-flex e-con-boxed e-con e-parent\" data-id=\"ce5545d\" data-element_type=\"container\">\n\t\t\t\t\t<div class=\"e-con-inner\">\n\t\t<div class=\"elementor-element elementor-element-a2cee64 e-grid e-con-boxed e-con e-child\" data-id=\"a2cee64\" data-element_type=\"container\" data-settings=\"{&quot;background_background&quot;:&quot;classic&quot;}\">\n\t\t\t\t\t<div class=\"e-con-inner\">\n\t\t\t\t<div class=\"elementor-element elementor-element-498b944 eael-infobox-content-align-left eael-infobox-icon-bg-shape-none eael-infobox-icon-hover-bg-shape-none elementor-widget elementor-widget-eael-info-box\" data-id=\"498b944\" data-element_type=\"widget\" data-widget_type=\"eael-info-box.default\">\n\t\t\t\t<div class=\"elementor-widget-container\">\n\t\t\t        <div class=\"eael-infobox\">\n\t            <div class=\"infobox-icon eael-icon-only\">\n\n            \n                            <div class=\"infobox-icon-wrap\">\n                                    <\/div>\n            \n            \n        <\/div>\n            <div class=\"infobox-content eael-icon-only\">\n                            <h2 class=\"title\">LIMPIEZA DE TECHOS Y FACHADAS<\/h2>\n                                                                                                <p><p style=\"text-align: justify;\">Limpieza de techos industriales, utilizando elevadores manlift o plataformas de tijera. Limpieza de fachadas de muros perimetrales mediante el uso de andamios y limpieza de canaletas fluviales en alturas.<\/p><\/p>                                                                            <\/div>\n            <\/div>\n\n\t\t\t\t<\/div>\n\t\t\t\t<\/div>\n\t\t\t\t<div class=\"elementor-element elementor-element-b0a006b elementor-widget elementor-widget-image\" data-id=\"b0a006b\" data-element_type=\"widget\" data-widget_type=\"image.default\">\n\t\t\t\t<div class=\"elementor-widget-container\">\n\t\t\t\t\t\t\t\t\t\t\t\t\t<img decoding=\"async\" width=\"564\" height=\"281\" src=\"https:\/\/jgr.pe\/wp-content\/uploads\/2024\/04\/F1_5.png\" class=\"attachment-2048x2048 size-2048x2048 wp-image-197\" alt=\"\" srcset=\"https:\/\/jgr.pe\/wp-content\/uploads\/2024\/04\/F1_5.png 564w, https:\/\/jgr.pe\/wp-content\/uploads\/2024\/04\/F1_5-300x149.png 300w\" sizes=\"(max-width: 564px) 100vw, 564px\" \/>\t\t\t\t\t\t\t\t\t\t\t\t\t<\/div>\n\t\t\t\t<\/div>\n\t\t\t\t\t<\/div>\n\t\t\t\t<\/div>\n\t\t<div class=\"elementor-element elementor-element-6cb57f2 e-grid e-con-boxed e-con e-child\" data-id=\"6cb57f2\" data-element_type=\"container\" data-settings=\"{&quot;background_background&quot;:&quot;classic&quot;}\">\n\t\t\t\t\t<div class=\"e-con-inner\">\n\t\t\t\t<div class=\"elementor-element elementor-element-76e3cb5 eael-infobox-content-align-left eael-infobox-icon-bg-shape-none eael-infobox-icon-hover-bg-shape-none elementor-widget elementor-widget-eael-info-box\" data-id=\"76e3cb5\" data-element_type=\"widget\" data-widget_type=\"eael-info-box.default\">\n\t\t\t\t<div class=\"elementor-widget-container\">\n\t\t\t        <div class=\"eael-infobox\">\n\t            <div class=\"infobox-icon eael-icon-only\">\n\n            \n                            <div class=\"infobox-icon-wrap\">\n                                    <\/div>\n            \n            \n        <\/div>\n            <div class=\"infobox-content eael-icon-only\">\n                            <h2 class=\"title\">AIRE ACONDICIONADO<\/h2>\n                                                                                                <p><p style=\"text-align: justify;\">Suministro, instalaci\u00f3n y mantenimiento de equipos de climatizaci\u00f3n, aire acondicionado, sistemas de inyecci\u00f3n y extracci\u00f3n de aire forzado.<\/p><\/p>                                                                            <\/div>\n            <\/div>\n\n\t\t\t\t<\/div>\n\t\t\t\t<\/div>\n\t\t\t\t<div class=\"elementor-element elementor-element-d6519f9 elementor-widget elementor-widget-image\" data-id=\"d6519f9\" data-element_type=\"widget\" data-widget_type=\"image.default\">\n\t\t\t\t<div class=\"elementor-widget-container\">\n\t\t\t\t\t\t\t\t\t\t\t\t\t<img decoding=\"async\" width=\"564\" height=\"280\" src=\"https:\/\/jgr.pe\/wp-content\/uploads\/2024\/04\/F2_4.png\" class=\"attachment-2048x2048 size-2048x2048 wp-image-198\" alt=\"\" srcset=\"https:\/\/jgr.pe\/wp-content\/uploads\/2024\/04\/F2_4.png 564w, https:\/\/jgr.pe\/wp-content\/uploads\/2024\/04\/F2_4-300x149.png 300w\" sizes=\"(max-width: 564px) 100vw, 564px\" \/>\t\t\t\t\t\t\t\t\t\t\t\t\t<\/div>\n\t\t\t\t<\/div>\n\t\t\t\t\t<\/div>\n\t\t\t\t<\/div>\n\t\t<div class=\"elementor-element elementor-element-2373250 e-grid e-con-boxed e-con e-child\" data-id=\"2373250\" data-element_type=\"container\" data-settings=\"{&quot;background_background&quot;:&quot;classic&quot;}\">\n\t\t\t\t\t<div class=\"e-con-inner\">\n\t\t\t\t<div class=\"elementor-element elementor-element-db3ca25 eael-infobox-content-align-left eael-infobox-icon-bg-shape-none eael-infobox-icon-hover-bg-shape-none elementor-widget elementor-widget-eael-info-box\" data-id=\"db3ca25\" data-element_type=\"widget\" data-widget_type=\"eael-info-box.default\">\n\t\t\t\t<div class=\"elementor-widget-container\">\n\t\t\t        <div class=\"eael-infobox\">\n\t            <div class=\"infobox-icon eael-icon-only\">\n\n            \n                            <div class=\"infobox-icon-wrap\">\n                                    <\/div>\n            \n            \n        <\/div>\n            <div class=\"infobox-content eael-icon-only\">\n                            <h2 class=\"title\">ACABADOS Y ENCHAPES<\/h2>\n                                                                                                <p><p style=\"text-align: justify;\">Dise\u00f1o e instalaci\u00f3n de cer\u00e1mica, porcelanato y vinilo en pisos, laboratorios, salas de lactancia, ba\u00f1os, salones de usos m\u00faltiples (SUM), recepciones, oficinas, comedores, piscinas, jacuzzis y z\u00f3calos<\/p><\/p>                                                                            <\/div>\n            <\/div>\n\n\t\t\t\t<\/div>\n\t\t\t\t<\/div>\n\t\t\t\t<div class=\"elementor-element elementor-element-d736be5 elementor-widget elementor-widget-image\" data-id=\"d736be5\" data-element_type=\"widget\" data-widget_type=\"image.default\">\n\t\t\t\t<div class=\"elementor-widget-container\">\n\t\t\t\t\t\t\t\t\t\t\t\t\t<img loading=\"lazy\" decoding=\"async\" width=\"564\" height=\"281\" src=\"https:\/\/jgr.pe\/wp-content\/uploads\/2024\/04\/Imagen-Acabados.png\" class=\"attachment-2048x2048 size-2048x2048 wp-image-440\" alt=\"\" srcset=\"https:\/\/jgr.pe\/wp-content\/uploads\/2024\/04\/Imagen-Acabados.png 564w, https:\/\/jgr.pe\/wp-content\/uploads\/2024\/04\/Imagen-Acabados-300x149.png 300w\" sizes=\"(max-width: 564px) 100vw, 564px\" \/>\t\t\t\t\t\t\t\t\t\t\t\t\t<\/div>\n\t\t\t\t<\/div>\n\t\t\t\t\t<\/div>\n\t\t\t\t<\/div>\n\t\t<div class=\"elementor-element elementor-element-8d761cf e-grid e-con-boxed e-con e-child\" data-id=\"8d761cf\" data-element_type=\"container\" data-settings=\"{&quot;background_background&quot;:&quot;classic&quot;}\">\n\t\t\t\t\t<div class=\"e-con-inner\">\n\t\t\t\t<div class=\"elementor-element elementor-element-010b104 eael-infobox-content-align-left eael-infobox-icon-bg-shape-none eael-infobox-icon-hover-bg-shape-none elementor-widget elementor-widget-eael-info-box\" data-id=\"010b104\" data-element_type=\"widget\" data-widget_type=\"eael-info-box.default\">\n\t\t\t\t<div class=\"elementor-widget-container\">\n\t\t\t        <div class=\"eael-infobox\">\n\t            <div class=\"infobox-icon eael-icon-only\">\n\n            \n                            <div class=\"infobox-icon-wrap\">\n                                    <\/div>\n            \n            \n        <\/div>\n            <div class=\"infobox-content eael-icon-only\">\n                            <h2 class=\"title\">CORTINAS<\/h2>\n                                                                                                <p><p style=\"text-align: justify;\">Suministro e instalaci\u00f3n de cortinas, persianas enrollables (rollers), y cortinas hawaianas.<\/p><\/p>                                                                            <\/div>\n            <\/div>\n\n\t\t\t\t<\/div>\n\t\t\t\t<\/div>\n\t\t\t\t<div class=\"elementor-element elementor-element-cbaa128 elementor-widget elementor-widget-image\" data-id=\"cbaa128\" data-element_type=\"widget\" data-widget_type=\"image.default\">\n\t\t\t\t<div class=\"elementor-widget-container\">\n\t\t\t\t\t\t\t\t\t\t\t\t\t<img loading=\"lazy\" decoding=\"async\" width=\"564\" height=\"280\" src=\"https:\/\/jgr.pe\/wp-content\/uploads\/2024\/04\/Imagene-Cortinas.png\" class=\"attachment-2048x2048 size-2048x2048 wp-image-438\" alt=\"\" srcset=\"https:\/\/jgr.pe\/wp-content\/uploads\/2024\/04\/Imagene-Cortinas.png 564w, https:\/\/jgr.pe\/wp-content\/uploads\/2024\/04\/Imagene-Cortinas-300x149.png 300w\" sizes=\"(max-width: 564px) 100vw, 564px\" \/>\t\t\t\t\t\t\t\t\t\t\t\t\t<\/div>\n\t\t\t\t<\/div>\n\t\t\t\t\t<\/div>\n\t\t\t\t<\/div>\n\t\t<div class=\"elementor-element elementor-element-923cf8a e-grid e-con-boxed e-con e-child\" data-id=\"923cf8a\" data-element_type=\"container\" data-settings=\"{&quot;background_background&quot;:&quot;classic&quot;}\">\n\t\t\t\t\t<div class=\"e-con-inner\">\n\t\t\t\t<div class=\"elementor-element elementor-element-2815155 eael-infobox-content-align-left eael-infobox-icon-bg-shape-none eael-infobox-icon-hover-bg-shape-none elementor-widget elementor-widget-eael-info-box\" data-id=\"2815155\" data-element_type=\"widget\" data-widget_type=\"eael-info-box.default\">\n\t\t\t\t<div class=\"elementor-widget-container\">\n\t\t\t        <div class=\"eael-infobox\">\n\t            <div class=\"infobox-icon eael-icon-only\">\n\n            \n                            <div class=\"infobox-icon-wrap\">\n                                    <\/div>\n            \n            \n        <\/div>\n            <div class=\"infobox-content eael-icon-only\">\n                            <h2 class=\"title\">GASFITER\u00cdA<\/h2>\n                                                                                                <p><p style=\"text-align: justify;\">Suministro e instalaci\u00f3n de aparatos sanitarios, lavaderos, llaves de paso, grifos, tubos de abastecimiento, urinarios, inodoros y termas.<\/p><\/p>                                                                            <\/div>\n            <\/div>\n\n\t\t\t\t<\/div>\n\t\t\t\t<\/div>\n\t\t\t\t<div class=\"elementor-element elementor-element-5def23c elementor-widget elementor-widget-image\" data-id=\"5def23c\" data-element_type=\"widget\" data-widget_type=\"image.default\">\n\t\t\t\t<div class=\"elementor-widget-container\">\n\t\t\t\t\t\t\t\t\t\t\t\t\t<img loading=\"lazy\" decoding=\"async\" width=\"564\" height=\"281\" src=\"https:\/\/jgr.pe\/wp-content\/uploads\/2024\/04\/F5_1.png\" class=\"attachment-2048x2048 size-2048x2048 wp-image-200\" alt=\"\" srcset=\"https:\/\/jgr.pe\/wp-content\/uploads\/2024\/04\/F5_1.png 564w, https:\/\/jgr.pe\/wp-content\/uploads\/2024\/04\/F5_1-300x149.png 300w\" sizes=\"(max-width: 564px) 100vw, 564px\" \/>\t\t\t\t\t\t\t\t\t\t\t\t\t<\/div>\n\t\t\t\t<\/div>\n\t\t\t\t\t<\/div>\n\t\t\t\t<\/div>\n\t\t\t\t\t<\/div>\n\t\t\t\t<\/div>\n\t\t<div class=\"elementor-element elementor-element-2cf1a1c e-flex e-con-boxed e-con e-parent\" data-id=\"2cf1a1c\" data-element_type=\"container\">\n\t\t\t\t\t<div class=\"e-con-inner\">\n\t\t<div class=\"elementor-element elementor-element-85880ef e-grid e-con-boxed e-con e-child\" data-id=\"85880ef\" data-element_type=\"container\" data-settings=\"{&quot;background_background&quot;:&quot;classic&quot;}\">\n\t\t\t\t\t<div class=\"e-con-inner\">\n\t\t\t\t<div class=\"elementor-element elementor-element-9938486 eael-infobox-content-align-left eael-infobox-icon-bg-shape-none eael-infobox-icon-hover-bg-shape-none elementor-widget elementor-widget-eael-info-box\" data-id=\"9938486\" data-element_type=\"widget\" data-widget_type=\"eael-info-box.default\">\n\t\t\t\t<div class=\"elementor-widget-container\">\n\t\t\t        <div class=\"eael-infobox\">\n\t            <div class=\"infobox-icon eael-icon-only\">\n\n            \n                            <div class=\"infobox-icon-wrap\">\n                                    <\/div>\n            \n            \n        <\/div>\n            <div class=\"infobox-content eael-icon-only\">\n                            <h2 class=\"title\">ELECTRICIDAD<\/h2>\n                                                                                                <p><p style=\"text-align: justify;\">Suministro e instalaci\u00f3n de tomacorrientes interruptores, llaves termomagn\u00e9ticas, fluorescentes LED, focos LED, reflectores y luces de emergencia. Contamos con productos de tecnolog\u00eda Smart Home.<\/p><\/p>                                                                            <\/div>\n            <\/div>\n\n\t\t\t\t<\/div>\n\t\t\t\t<\/div>\n\t\t\t\t<div class=\"elementor-element elementor-element-35485e5 elementor-widget elementor-widget-image\" data-id=\"35485e5\" data-element_type=\"widget\" data-widget_type=\"image.default\">\n\t\t\t\t<div class=\"elementor-widget-container\">\n\t\t\t\t\t\t\t\t\t\t\t\t\t<img loading=\"lazy\" decoding=\"async\" width=\"564\" height=\"280\" src=\"https:\/\/jgr.pe\/wp-content\/uploads\/2024\/04\/F6_1.png\" class=\"attachment-2048x2048 size-2048x2048 wp-image-195\" alt=\"\" srcset=\"https:\/\/jgr.pe\/wp-content\/uploads\/2024\/04\/F6_1.png 564w, https:\/\/jgr.pe\/wp-content\/uploads\/2024\/04\/F6_1-300x149.png 300w\" sizes=\"(max-width: 564px) 100vw, 564px\" \/>\t\t\t\t\t\t\t\t\t\t\t\t\t<\/div>\n\t\t\t\t<\/div>\n\t\t\t\t\t<\/div>\n\t\t\t\t<\/div>\n\t\t<div class=\"elementor-element elementor-element-375c6f3 e-grid e-con-boxed e-con e-child\" data-id=\"375c6f3\" data-element_type=\"container\" data-settings=\"{&quot;background_background&quot;:&quot;classic&quot;}\">\n\t\t\t\t\t<div class=\"e-con-inner\">\n\t\t\t\t<div class=\"elementor-element elementor-element-483bdc9 eael-infobox-content-align-left eael-infobox-icon-bg-shape-none eael-infobox-icon-hover-bg-shape-none elementor-widget elementor-widget-eael-info-box\" data-id=\"483bdc9\" data-element_type=\"widget\" data-widget_type=\"eael-info-box.default\">\n\t\t\t\t<div class=\"elementor-widget-container\">\n\t\t\t        <div class=\"eael-infobox\">\n\t            <div class=\"infobox-icon eael-icon-only\">\n\n            \n                            <div class=\"infobox-icon-wrap\">\n                                    <\/div>\n            \n            \n        <\/div>\n            <div class=\"infobox-content eael-icon-only\">\n                            <h2 class=\"title\">JARDINER\u00cdA<\/h2>\n                                                                                                <p><p style=\"text-align: justify;\">Dise\u00f1o, instalaci\u00f3n y mantenimiento de jardines, as\u00ed como la instalaci\u00f3n de plantas de bajo consumo de agua y piedras decorativas.<\/p><\/p>                                                                            <\/div>\n            <\/div>\n\n\t\t\t\t<\/div>\n\t\t\t\t<\/div>\n\t\t\t\t<div class=\"elementor-element elementor-element-2d1b34a elementor-widget elementor-widget-image\" data-id=\"2d1b34a\" data-element_type=\"widget\" data-widget_type=\"image.default\">\n\t\t\t\t<div class=\"elementor-widget-container\">\n\t\t\t\t\t\t\t\t\t\t\t\t\t<img loading=\"lazy\" decoding=\"async\" width=\"564\" height=\"280\" src=\"https:\/\/jgr.pe\/wp-content\/uploads\/2024\/04\/F7_1.png\" class=\"attachment-2048x2048 size-2048x2048 wp-image-194\" alt=\"\" srcset=\"https:\/\/jgr.pe\/wp-content\/uploads\/2024\/04\/F7_1.png 564w, https:\/\/jgr.pe\/wp-content\/uploads\/2024\/04\/F7_1-300x149.png 300w\" sizes=\"(max-width: 564px) 100vw, 564px\" \/>\t\t\t\t\t\t\t\t\t\t\t\t\t<\/div>\n\t\t\t\t<\/div>\n\t\t\t\t\t<\/div>\n\t\t\t\t<\/div>\n\t\t<div class=\"elementor-element elementor-element-2388828 e-grid e-con-boxed e-con e-child\" data-id=\"2388828\" data-element_type=\"container\" data-settings=\"{&quot;background_background&quot;:&quot;classic&quot;}\">\n\t\t\t\t\t<div class=\"e-con-inner\">\n\t\t\t\t<div class=\"elementor-element elementor-element-c0905b9 eael-infobox-content-align-left eael-infobox-icon-bg-shape-none eael-infobox-icon-hover-bg-shape-none elementor-widget elementor-widget-eael-info-box\" data-id=\"c0905b9\" data-element_type=\"widget\" data-widget_type=\"eael-info-box.default\">\n\t\t\t\t<div class=\"elementor-widget-container\">\n\t\t\t        <div class=\"eael-infobox\">\n\t            <div class=\"infobox-icon eael-icon-only\">\n\n            \n                            <div class=\"infobox-icon-wrap\">\n                                    <\/div>\n            \n            \n        <\/div>\n            <div class=\"infobox-content eael-icon-only\">\n                            <h2 class=\"title\">CERRAJER\u00cdA<\/h2>\n                                                                                                <p><p style=\"text-align: justify;\">Instalaci\u00f3n, reparaci\u00f3n y mantenimiento de sistemas de cerraduras y elementos de bisagras para puertas de madera, metal, vidrio, melamina, contrachapado y PVC. Contamos con productos de tecnolog\u00eda Smart\u00a0 Home.<\/p><\/p>                                                                            <\/div>\n            <\/div>\n\n\t\t\t\t<\/div>\n\t\t\t\t<\/div>\n\t\t\t\t<div class=\"elementor-element elementor-element-c18b7a4 elementor-widget elementor-widget-image\" data-id=\"c18b7a4\" data-element_type=\"widget\" data-widget_type=\"image.default\">\n\t\t\t\t<div class=\"elementor-widget-container\">\n\t\t\t\t\t\t\t\t\t\t\t\t\t<img loading=\"lazy\" decoding=\"async\" width=\"564\" height=\"281\" src=\"https:\/\/jgr.pe\/wp-content\/uploads\/2024\/04\/Imagen-Cerrajeria.png\" class=\"attachment-2048x2048 size-2048x2048 wp-image-439\" alt=\"\" srcset=\"https:\/\/jgr.pe\/wp-content\/uploads\/2024\/04\/Imagen-Cerrajeria.png 564w, https:\/\/jgr.pe\/wp-content\/uploads\/2024\/04\/Imagen-Cerrajeria-300x149.png 300w\" sizes=\"(max-width: 564px) 100vw, 564px\" \/>\t\t\t\t\t\t\t\t\t\t\t\t\t<\/div>\n\t\t\t\t<\/div>\n\t\t\t\t\t<\/div>\n\t\t\t\t<\/div>\n\t\t\t\t\t<\/div>\n\t\t\t\t<\/div>\n\t\t<div class=\"elementor-element elementor-element-90d35e7 e-flex e-con-boxed e-con e-parent\" data-id=\"90d35e7\" data-element_type=\"container\">\n\t\t\t\t\t<div class=\"e-con-inner\">\n\t\t\t\t<div class=\"elementor-element elementor-element-94bcd71 elementor-widget elementor-widget-spacer\" data-id=\"94bcd71\" data-element_type=\"widget\" data-widget_type=\"spacer.default\">\n\t\t\t\t<div class=\"elementor-widget-container\">\n\t\t\t\t\t<div class=\"elementor-spacer\">\n\t\t\t<div class=\"elementor-spacer-inner\"><\/div>\n\t\t<\/div>\n\t\t\t\t<\/div>\n\t\t\t\t<\/div>\n\t\t\t\t\t<\/div>\n\t\t\t\t<\/div>\n\t\t\t\t<\/div>\n\t\t","protected":false},"excerpt":{"rendered":"<p>LIMPIEZA DE TECHOS Y FACHADAS Limpieza de techos industriales, utilizando elevadores manlift o plataformas de tijera. Limpieza de fachadas de [&hellip;]<\/p>\n","protected":false},"author":1,"featured_media":0,"parent":0,"menu_order":0,"comment_status":"closed","ping_status":"closed","template":"elementor_canvas","meta":{"site-sidebar-layout":"no-sidebar","site-content-layout":"","ast-site-content-layout":"full-width-container","site-content-style":"default","site-sidebar-style":"default","ast-global-header-display":"","ast-banner-title-visibility":"","ast-main-header-display":"","ast-hfb-above-header-display":"","ast-hfb-below-header-display":"","ast-hfb-mobile-header-display":"","site-post-title":"disabled","ast-breadcrumbs-content":"","ast-featured-img":"disabled","footer-sml-layout":"","theme-transparent-header-meta":"","adv-header-id-meta":"","stick-header-meta":"","header-above-stick-meta":"","header-main-stick-meta":"","header-below-stick-meta":"","astra-migrate-meta-layouts":"default","ast-page-background-enabled":"default","ast-page-background-meta":{"desktop":{"background-color":"var(--ast-global-color-4)","background-image":"","background-repeat":"repeat","background-position":"center center","background-size":"auto","background-attachment":"scroll","background-type":"","background-media":"","overlay-type":"","overlay-color":"","overlay-gradient":""},"tablet":{"background-color":"","background-image":"","background-repeat":"repeat","background-position":"center center","background-size":"auto","background-attachment":"scroll","background-type":"","background-media":"","overlay-type":"","overlay-color":"","overlay-gradient":""},"mobile":{"background-color":"","background-image":"","background-repeat":"repeat","background-position":"center center","background-size":"auto","background-attachment":"scroll","background-type":"","background-media":"","overlay-type":"","overlay-color":"","overlay-gradient":""}},"ast-content-background-meta":{"desktop":{"background-color":"var(--ast-global-color-5)","background-image":"","background-repeat":"repeat","background-position":"center center","background-size":"auto","background-attachment":"scroll","background-type":"","background-media":"","overlay-type":"","overlay-color":"","overlay-gradient":""},"tablet":{"background-color":"var(--ast-global-color-5)","background-image":"","background-repeat":"repeat","background-position":"center center","background-size":"auto","background-attachment":"scroll","background-type":"","background-media":"","overlay-type":"","overlay-color":"","overlay-gradient":""},"mobile":{"background-color":"var(--ast-global-color-5)","background-image":"","background-repeat":"repeat","background-position":"center center","background-size":"auto","background-attachment":"scroll","background-type":"","background-media":"","overlay-type":"","overlay-color":"","overlay-gradient":""}},"footnotes":""},"_links":{"self":[{"href":"https:\/\/jgr.pe\/index.php\/wp-json\/wp\/v2\/pages\/191"}],"collection":[{"href":"https:\/\/jgr.pe\/index.php\/wp-json\/wp\/v2\/pages"}],"about":[{"href":"https:\/\/jgr.pe\/index.php\/wp-json\/wp\/v2\/types\/page"}],"author":[{"embeddable":true,"href":"https:\/\/jgr.pe\/index.php\/wp-json\/wp\/v2\/users\/1"}],"replies":[{"embeddable":true,"href":"https:\/\/jgr.pe\/index.php\/wp-json\/wp\/v2\/comments?post=191"}],"version-history":[{"count":16,"href":"https:\/\/jgr.pe\/index.php\/wp-json\/wp\/v2\/pages\/191\/revisions"}],"predecessor-version":[{"id":554,"href":"https:\/\/jgr.pe\/index.php\/wp-json\/wp\/v2\/pages\/191\/revisions\/554"}],"wp:attachment":[{"href":"https:\/\/jgr.pe\/index.php\/wp-json\/wp\/v2\/media?parent=191"}],"curies":[{"name":"wp","href":"https:\/\/api.w.org\/{rel}","templated":true}]}}